{"id":10963,"date":"2025-01-02T15:23:13","date_gmt":"2025-01-02T14:23:13","guid":{"rendered":"https:\/\/bcatsea.com\/historie-z-klubu-biznesu\/"},"modified":"2025-06-24T19:06:22","modified_gmt":"2025-06-24T17:06:22","slug":"success-stories","status":"publish","type":"page","link":"https:\/\/bcatsea.com\/en\/success-stories\/","title":{"rendered":"Success Stories"},"content":{"rendered":"\t\t<div data-elementor-type=\"wp-page\" data-elementor-id=\"10963\" class=\"elementor elementor-10963 elementor-9062\" data-elementor-post-type=\"page\">\n\t\t\t\t<div class=\"elementor-element elementor-element-7e2081f e-flex e-con-boxed tm-col-stretched-none tm-bg-color-over-image e-con e-parent\" data-id=\"7e2081f\" data-element_type=\"container\" data-e-type=\"container\">\n\t\t\t\t\t<div class=\"e-con-inner\">\n\t\t\t\t<div class=\"elementor-element elementor-element-f544808 elementor-grid-3 elementor-grid-tablet-2 elementor-grid-mobile-1 elementor-widget elementor-widget-loop-grid\" data-id=\"f544808\" data-element_type=\"widget\" data-e-type=\"widget\" data-settings=\"{&quot;template_id&quot;:10991,&quot;_skin&quot;:&quot;post&quot;,&quot;columns&quot;:&quot;3&quot;,&quot;columns_tablet&quot;:&quot;2&quot;,&quot;columns_mobile&quot;:&quot;1&quot;,&quot;edit_handle_selector&quot;:&quot;[data-elementor-type=\\&quot;loop-item\\&quot;]&quot;,&quot;row_gap&quot;:{&quot;unit&quot;:&quot;px&quot;,&quot;size&quot;:&quot;&quot;,&quot;sizes&quot;:[]},&quot;row_gap_tablet&quot;:{&quot;unit&quot;:&quot;px&quot;,&quot;size&quot;:&quot;&quot;,&quot;sizes&quot;:[]},&quot;row_gap_mobile&quot;:{&quot;unit&quot;:&quot;px&quot;,&quot;size&quot;:&quot;&quot;,&quot;sizes&quot;:[]}}\" data-widget_type=\"loop-grid.post\">\n\t\t\t\t<div class=\"elementor-widget-container\">\n\t\t\t\t\t\t\t<div class=\"elementor-loop-container elementor-grid\" role=\"list\">\n\t\t<style id=\"loop-10991\">.elementor-10991 .elementor-element.elementor-element-bcd51df{--display:flex;--min-height:360px;--flex-direction:column;--container-widget-width:100%;--container-widget-height:initial;--container-widget-flex-grow:0;--container-widget-align-self:initial;--flex-wrap-mobile:wrap;}.elementor-10991 .elementor-element.elementor-element-67e5f4e{--display:flex;--margin-top:0px;--margin-bottom:0px;--margin-left:0px;--margin-right:0px;--padding-top:0px;--padding-bottom:0px;--padding-left:0px;--padding-right:0px;}.elementor-10991 .elementor-element.elementor-element-8b388b4 img{height:280px;object-fit:contain;object-position:center center;}.elementor-10991 .elementor-element.elementor-element-8b388b4 > .elementor-widget-container{padding:0px 0px 0px 0px;}.elementor-10991 .elementor-element.elementor-element-14cbfc2{--display:flex;--min-height:200px;--margin-top:-60px;--margin-bottom:0px;--margin-left:0px;--margin-right:0px;--padding-top:20px;--padding-bottom:20px;--padding-left:25px;--padding-right:25px;}.elementor-10991 .elementor-element.elementor-element-14cbfc2:not(.elementor-motion-effects-element-type-background), .elementor-10991 .elementor-element.elementor-element-14cbfc2 > .elementor-motion-effects-container > .elementor-motion-effects-layer{background-color:#052D37;}.elementor-10991 .elementor-element.elementor-element-14cbfc2.e-con{--align-self:center;}.elementor-10991 .elementor-element.elementor-element-b205bd7{text-align:center;width:var( --container-widget-width, 70px );max-width:70px;--container-widget-width:70px;--container-widget-flex-grow:0;bottom:200px;}.elementor-10991 .elementor-element.elementor-element-b205bd7 .elementor-heading-title{font-size:20px;text-transform:uppercase;}.elementor-10991 .elementor-element.elementor-element-b205bd7 > .elementor-widget-container{padding:10px 10px 10px 10px;background-color:#BFA888;}.elementor-10991 .elementor-element.elementor-element-b205bd7.elementor-element{--flex-grow:0;--flex-shrink:0;}body:not(.rtl) .elementor-10991 .elementor-element.elementor-element-b205bd7{left:0px;}body.rtl .elementor-10991 .elementor-element.elementor-element-b205bd7{right:0px;}.elementor-10991 .elementor-element.elementor-element-c3e91c4 .elementor-heading-title{color:#BFA888;}.elementor-10991 .elementor-element.elementor-element-db4045e .elementor-heading-title{line-height:1.2em;}.elementor-10991 .elementor-element.elementor-element-b4211a9 .elementor-heading-title a:hover, .elementor-10991 .elementor-element.elementor-element-b4211a9 .elementor-heading-title a:focus{color:#FFFFFF;}@media(min-width:768px){.elementor-10991 .elementor-element.elementor-element-14cbfc2{--width:325px;}}<\/style>\t\t<div data-elementor-type=\"loop-item\" data-elementor-id=\"10991\" class=\"elementor elementor-10991 elementor-9236 elementor-9236 e-loop-item e-loop-item-10993 post-10993 historia type-historia status-publish hentry\" data-elementor-post-type=\"elementor_library\" data-custom-edit-handle=\"1\">\n\t\t\t<div class=\"elementor-element elementor-element-bcd51df e-flex e-con-boxed tm-col-stretched-none tm-bg-color-over-image e-con e-parent\" data-id=\"bcd51df\" data-element_type=\"container\" data-e-type=\"container\">\n\t\t\t\t\t<div class=\"e-con-inner\">\n\t\t<div class=\"elementor-element elementor-element-67e5f4e e-con-full e-flex tm-col-stretched-none tm-bg-color-over-image e-con e-child\" data-id=\"67e5f4e\" data-element_type=\"container\" data-e-type=\"container\">\n\t\t\t\t<div class=\"elementor-element elementor-element-8b388b4 historie-loop-img elementor-widget elementor-widget-image\" data-id=\"8b388b4\" data-element_type=\"widget\" data-e-type=\"widget\" data-widget_type=\"image.default\">\n\t\t\t\t<div class=\"elementor-widget-container\">\n\t\t\t\t\t\t\t\t\t\t\t\t\t\t\t<img fetchpriority=\"high\" decoding=\"async\" width=\"1024\" height=\"877\" src=\"https:\/\/bcatsea.com\/wp-content\/uploads\/2025\/01\/bcatsea_logo_przezroczyste_white-1-1024x877.png\" class=\"attachment-large size-large wp-image-9119\" alt=\"\" srcset=\"https:\/\/bcatsea.com\/wp-content\/uploads\/2025\/01\/bcatsea_logo_przezroczyste_white-1-1024x877.png 1024w, https:\/\/bcatsea.com\/wp-content\/uploads\/2025\/01\/bcatsea_logo_przezroczyste_white-1-300x257.png 300w, https:\/\/bcatsea.com\/wp-content\/uploads\/2025\/01\/bcatsea_logo_przezroczyste_white-1-768x658.png 768w, https:\/\/bcatsea.com\/wp-content\/uploads\/2025\/01\/bcatsea_logo_przezroczyste_white-1-600x514.png 600w, https:\/\/bcatsea.com\/wp-content\/uploads\/2025\/01\/bcatsea_logo_przezroczyste_white-1.png 1104w\" sizes=\"(max-width: 1024px) 100vw, 1024px\" \/>\t\t\t\t\t\t\t\t\t\t\t\t\t\t\t<\/div>\n\t\t\t\t<\/div>\n\t\t<div class=\"elementor-element elementor-element-14cbfc2 e-con-full e-flex tm-col-stretched-none tm-bg-color-over-image e-con e-child\" data-id=\"14cbfc2\" data-element_type=\"container\" data-e-type=\"container\" data-settings=\"{&quot;background_background&quot;:&quot;classic&quot;}\">\n\t\t\t\t<div class=\"elementor-element elementor-element-b205bd7 elementor-widget__width-initial elementor-absolute elementor-widget elementor-widget-heading\" data-id=\"b205bd7\" data-element_type=\"widget\" data-e-type=\"widget\" data-settings=\"{&quot;_position&quot;:&quot;absolute&quot;}\" data-widget_type=\"heading.default\">\n\t\t\t\t<div class=\"elementor-widget-container\">\n\t\t\t\t\t<h3 class=\"elementor-heading-title elementor-size-default\">09 Apr<\/h3>\t\t\t\t<\/div>\n\t\t\t\t<\/div>\n\t\t\t\t<div class=\"elementor-element elementor-element-c3e91c4 elementor-widget elementor-widget-heading\" data-id=\"c3e91c4\" data-element_type=\"widget\" data-e-type=\"widget\" data-widget_type=\"heading.default\">\n\t\t\t\t<div class=\"elementor-widget-container\">\n\t\t\t\t\t<h6 class=\"elementor-heading-title elementor-size-default\">Debt Collection and Business Intelligence<\/h6>\t\t\t\t<\/div>\n\t\t\t\t<\/div>\n\t\t\t\t<div class=\"elementor-element elementor-element-db4045e elementor-widget elementor-widget-theme-post-title elementor-page-title elementor-widget-heading\" data-id=\"db4045e\" data-element_type=\"widget\" data-e-type=\"widget\" data-widget_type=\"theme-post-title.default\">\n\t\t\t\t<div class=\"elementor-widget-container\">\n\t\t\t\t\t<h4 class=\"elementor-heading-title elementor-size-default\">Pawel Yuskowiak, Waldemar Sokolowski founders of KIPG<\/h4>\t\t\t\t<\/div>\n\t\t\t\t<\/div>\n\t\t\t\t<div class=\"elementor-element elementor-element-b4211a9 elementor-widget elementor-widget-heading\" data-id=\"b4211a9\" data-element_type=\"widget\" data-e-type=\"widget\" data-widget_type=\"heading.default\">\n\t\t\t\t<div class=\"elementor-widget-container\">\n\t\t\t\t\t<span class=\"elementor-heading-title elementor-size-default\"><a href=\"https:\/\/bcatsea.com\/en\/story\/pawel-yuskowiak-waldemar-sokolowski-founders-of-kipg\/\">LEARN THE STORY<\/a><\/span>\t\t\t\t<\/div>\n\t\t\t\t<\/div>\n\t\t\t\t<\/div>\n\t\t\t\t<\/div>\n\t\t\t\t\t<\/div>\n\t\t\t\t<\/div>\n\t\t\t\t<\/div>\n\t\t\t\t<div data-elementor-type=\"loop-item\" data-elementor-id=\"10991\" class=\"elementor elementor-10991 elementor-9236 elementor-9236 e-loop-item e-loop-item-10987 post-10987 historia type-historia status-publish hentry\" data-elementor-post-type=\"elementor_library\" data-custom-edit-handle=\"1\">\n\t\t\t<div class=\"elementor-element elementor-element-bcd51df e-flex e-con-boxed tm-col-stretched-none tm-bg-color-over-image e-con e-parent\" data-id=\"bcd51df\" data-element_type=\"container\" data-e-type=\"container\">\n\t\t\t\t\t<div class=\"e-con-inner\">\n\t\t<div class=\"elementor-element elementor-element-67e5f4e e-con-full e-flex tm-col-stretched-none tm-bg-color-over-image e-con e-child\" data-id=\"67e5f4e\" data-element_type=\"container\" data-e-type=\"container\">\n\t\t\t\t<div class=\"elementor-element elementor-element-8b388b4 historie-loop-img elementor-widget elementor-widget-image\" data-id=\"8b388b4\" data-element_type=\"widget\" data-e-type=\"widget\" data-widget_type=\"image.default\">\n\t\t\t\t<div class=\"elementor-widget-container\">\n\t\t\t\t\t\t\t\t\t\t\t\t\t\t\t<img decoding=\"async\" width=\"684\" height=\"1024\" src=\"https:\/\/bcatsea.com\/wp-content\/uploads\/2025\/01\/zdzislaw-dabczynski.jpg\" class=\"attachment-large size-large wp-image-10839\" alt=\"\" srcset=\"https:\/\/bcatsea.com\/wp-content\/uploads\/2025\/01\/zdzislaw-dabczynski.jpg 684w, https:\/\/bcatsea.com\/wp-content\/uploads\/2025\/01\/zdzislaw-dabczynski-200x300.jpg 200w, https:\/\/bcatsea.com\/wp-content\/uploads\/2025\/01\/zdzislaw-dabczynski-600x898.jpg 600w\" sizes=\"(max-width: 684px) 100vw, 684px\" \/>\t\t\t\t\t\t\t\t\t\t\t\t\t\t\t<\/div>\n\t\t\t\t<\/div>\n\t\t<div class=\"elementor-element elementor-element-14cbfc2 e-con-full e-flex tm-col-stretched-none tm-bg-color-over-image e-con e-child\" data-id=\"14cbfc2\" data-element_type=\"container\" data-e-type=\"container\" data-settings=\"{&quot;background_background&quot;:&quot;classic&quot;}\">\n\t\t\t\t<div class=\"elementor-element elementor-element-b205bd7 elementor-widget__width-initial elementor-absolute elementor-widget elementor-widget-heading\" data-id=\"b205bd7\" data-element_type=\"widget\" data-e-type=\"widget\" data-settings=\"{&quot;_position&quot;:&quot;absolute&quot;}\" data-widget_type=\"heading.default\">\n\t\t\t\t<div class=\"elementor-widget-container\">\n\t\t\t\t\t<h3 class=\"elementor-heading-title elementor-size-default\">16 Jan<\/h3>\t\t\t\t<\/div>\n\t\t\t\t<\/div>\n\t\t\t\t<div class=\"elementor-element elementor-element-c3e91c4 elementor-widget elementor-widget-heading\" data-id=\"c3e91c4\" data-element_type=\"widget\" data-e-type=\"widget\" data-widget_type=\"heading.default\">\n\t\t\t\t<div class=\"elementor-widget-container\">\n\t\t\t\t\t<h6 class=\"elementor-heading-title elementor-size-default\">Road Sign Production<\/h6>\t\t\t\t<\/div>\n\t\t\t\t<\/div>\n\t\t\t\t<div class=\"elementor-element elementor-element-db4045e elementor-widget elementor-widget-theme-post-title elementor-page-title elementor-widget-heading\" data-id=\"db4045e\" data-element_type=\"widget\" data-e-type=\"widget\" data-widget_type=\"theme-post-title.default\">\n\t\t\t\t<div class=\"elementor-widget-container\">\n\t\t\t\t\t<h4 class=\"elementor-heading-title elementor-size-default\">Zdzis\u0142aw D\u0105bczy\u0144ski, Founder of WIMED<\/h4>\t\t\t\t<\/div>\n\t\t\t\t<\/div>\n\t\t\t\t<div class=\"elementor-element elementor-element-b4211a9 elementor-widget elementor-widget-heading\" data-id=\"b4211a9\" data-element_type=\"widget\" data-e-type=\"widget\" data-widget_type=\"heading.default\">\n\t\t\t\t<div class=\"elementor-widget-container\">\n\t\t\t\t\t<span class=\"elementor-heading-title elementor-size-default\"><a href=\"https:\/\/bcatsea.com\/en\/story\/zdzislaw-dabczynski-founder-of-wimed\/\">LEARN THE STORY<\/a><\/span>\t\t\t\t<\/div>\n\t\t\t\t<\/div>\n\t\t\t\t<\/div>\n\t\t\t\t<\/div>\n\t\t\t\t\t<\/div>\n\t\t\t\t<\/div>\n\t\t\t\t<\/div>\n\t\t\t\t<\/div>\n\t\t\n\t\t\t\t\t\t<\/div>\n\t\t\t\t<\/div>\n\t\t\t\t\t<\/div>\n\t\t\t\t<\/div>\n\t\t\t\t<\/div>\n\t\t","protected":false},"excerpt":{"rendered":"","protected":false},"author":1,"featured_media":0,"parent":0,"menu_order":0,"comment_status":"closed","ping_status":"closed","template":"","meta":{"_acf_changed":false,"footnotes":""},"class_list":["post-10963","page","type-page","status-publish","hentry"],"acf":[],"yoast_head":"<!-- This site is optimized with the Yoast SEO plugin v27.0 - https:\/\/yoast.com\/product\/yoast-seo-wordpress\/ -->\n<title>Success Stories - Klub Biznesu na Morzu<\/title>\n<meta name=\"robots\" content=\"index, follow, max-snippet:-1, max-image-preview:large, max-video-preview:-1\" \/>\n<link rel=\"canonical\" href=\"https:\/\/bcatsea.com\/en\/success-stories\/\" \/>\n<meta property=\"og:locale\" content=\"en_US\" \/>\n<meta property=\"og:type\" content=\"article\" \/>\n<meta property=\"og:title\" content=\"Success Stories - Klub Biznesu na Morzu\" \/>\n<meta property=\"og:url\" content=\"https:\/\/bcatsea.com\/en\/success-stories\/\" \/>\n<meta property=\"og:site_name\" content=\"Klub Biznesu na Morzu\" \/>\n<meta property=\"article:publisher\" content=\"https:\/\/www.facebook.com\/profile.php?id=61575677610688\" \/>\n<meta property=\"article:modified_time\" content=\"2025-06-24T17:06:22+00:00\" \/>\n<meta name=\"twitter:card\" content=\"summary_large_image\" \/>\n<script type=\"application\/ld+json\" class=\"yoast-schema-graph\">{\"@context\":\"https:\/\/schema.org\",\"@graph\":[{\"@type\":\"WebPage\",\"@id\":\"https:\/\/bcatsea.com\/en\/success-stories\/\",\"url\":\"https:\/\/bcatsea.com\/en\/success-stories\/\",\"name\":\"Success Stories - Klub Biznesu na Morzu\",\"isPartOf\":{\"@id\":\"https:\/\/bcatsea.com\/en\/#website\"},\"datePublished\":\"2025-01-02T14:23:13+00:00\",\"dateModified\":\"2025-06-24T17:06:22+00:00\",\"breadcrumb\":{\"@id\":\"https:\/\/bcatsea.com\/en\/success-stories\/#breadcrumb\"},\"inLanguage\":\"en-US\",\"potentialAction\":[{\"@type\":\"ReadAction\",\"target\":[\"https:\/\/bcatsea.com\/en\/success-stories\/\"]}]},{\"@type\":\"BreadcrumbList\",\"@id\":\"https:\/\/bcatsea.com\/en\/success-stories\/#breadcrumb\",\"itemListElement\":[{\"@type\":\"ListItem\",\"position\":1,\"name\":\"Strona g\u0142\u00f3wna\",\"item\":\"https:\/\/bcatsea.com\/en\/\"},{\"@type\":\"ListItem\",\"position\":2,\"name\":\"Success Stories\"}]},{\"@type\":\"WebSite\",\"@id\":\"https:\/\/bcatsea.com\/en\/#website\",\"url\":\"https:\/\/bcatsea.com\/en\/\",\"name\":\"Klub Biznesu na Morzu\",\"description\":\"Rejsy luksusowymi statkami z przedsi\u0119biorcami\",\"publisher\":{\"@id\":\"https:\/\/bcatsea.com\/en\/#organization\"},\"potentialAction\":[{\"@type\":\"SearchAction\",\"target\":{\"@type\":\"EntryPoint\",\"urlTemplate\":\"https:\/\/bcatsea.com\/en\/?s={search_term_string}\"},\"query-input\":{\"@type\":\"PropertyValueSpecification\",\"valueRequired\":true,\"valueName\":\"search_term_string\"}}],\"inLanguage\":\"en-US\"},{\"@type\":\"Organization\",\"@id\":\"https:\/\/bcatsea.com\/en\/#organization\",\"name\":\"Klub Biznesu na Morzu\",\"url\":\"https:\/\/bcatsea.com\/en\/\",\"logo\":{\"@type\":\"ImageObject\",\"inLanguage\":\"en-US\",\"@id\":\"https:\/\/bcatsea.com\/en\/#\/schema\/logo\/image\/\",\"url\":\"https:\/\/bcatsea.com\/wp-content\/uploads\/2025\/01\/bcatsea_logo_przezroczyste.png\",\"contentUrl\":\"https:\/\/bcatsea.com\/wp-content\/uploads\/2025\/01\/bcatsea_logo_przezroczyste.png\",\"width\":1104,\"height\":946,\"caption\":\"Klub Biznesu na Morzu\"},\"image\":{\"@id\":\"https:\/\/bcatsea.com\/en\/#\/schema\/logo\/image\/\"},\"sameAs\":[\"https:\/\/www.facebook.com\/profile.php?id=61575677610688\",\"https:\/\/www.instagram.com\/roseti_polska\",\"https:\/\/www.youtube.com\/@rosetipolska1387\"]}]}<\/script>\n<!-- \/ Yoast SEO plugin. -->","yoast_head_json":{"title":"Success Stories - Klub Biznesu na Morzu","robots":{"index":"index","follow":"follow","max-snippet":"max-snippet:-1","max-image-preview":"max-image-preview:large","max-video-preview":"max-video-preview:-1"},"canonical":"https:\/\/bcatsea.com\/en\/success-stories\/","og_locale":"en_US","og_type":"article","og_title":"Success Stories - Klub Biznesu na Morzu","og_url":"https:\/\/bcatsea.com\/en\/success-stories\/","og_site_name":"Klub Biznesu na Morzu","article_publisher":"https:\/\/www.facebook.com\/profile.php?id=61575677610688","article_modified_time":"2025-06-24T17:06:22+00:00","twitter_card":"summary_large_image","schema":{"@context":"https:\/\/schema.org","@graph":[{"@type":"WebPage","@id":"https:\/\/bcatsea.com\/en\/success-stories\/","url":"https:\/\/bcatsea.com\/en\/success-stories\/","name":"Success Stories - Klub Biznesu na Morzu","isPartOf":{"@id":"https:\/\/bcatsea.com\/en\/#website"},"datePublished":"2025-01-02T14:23:13+00:00","dateModified":"2025-06-24T17:06:22+00:00","breadcrumb":{"@id":"https:\/\/bcatsea.com\/en\/success-stories\/#breadcrumb"},"inLanguage":"en-US","potentialAction":[{"@type":"ReadAction","target":["https:\/\/bcatsea.com\/en\/success-stories\/"]}]},{"@type":"BreadcrumbList","@id":"https:\/\/bcatsea.com\/en\/success-stories\/#breadcrumb","itemListElement":[{"@type":"ListItem","position":1,"name":"Strona g\u0142\u00f3wna","item":"https:\/\/bcatsea.com\/en\/"},{"@type":"ListItem","position":2,"name":"Success Stories"}]},{"@type":"WebSite","@id":"https:\/\/bcatsea.com\/en\/#website","url":"https:\/\/bcatsea.com\/en\/","name":"Klub Biznesu na Morzu","description":"Rejsy luksusowymi statkami z przedsi\u0119biorcami","publisher":{"@id":"https:\/\/bcatsea.com\/en\/#organization"},"potentialAction":[{"@type":"SearchAction","target":{"@type":"EntryPoint","urlTemplate":"https:\/\/bcatsea.com\/en\/?s={search_term_string}"},"query-input":{"@type":"PropertyValueSpecification","valueRequired":true,"valueName":"search_term_string"}}],"inLanguage":"en-US"},{"@type":"Organization","@id":"https:\/\/bcatsea.com\/en\/#organization","name":"Klub Biznesu na Morzu","url":"https:\/\/bcatsea.com\/en\/","logo":{"@type":"ImageObject","inLanguage":"en-US","@id":"https:\/\/bcatsea.com\/en\/#\/schema\/logo\/image\/","url":"https:\/\/bcatsea.com\/wp-content\/uploads\/2025\/01\/bcatsea_logo_przezroczyste.png","contentUrl":"https:\/\/bcatsea.com\/wp-content\/uploads\/2025\/01\/bcatsea_logo_przezroczyste.png","width":1104,"height":946,"caption":"Klub Biznesu na Morzu"},"image":{"@id":"https:\/\/bcatsea.com\/en\/#\/schema\/logo\/image\/"},"sameAs":["https:\/\/www.facebook.com\/profile.php?id=61575677610688","https:\/\/www.instagram.com\/roseti_polska","https:\/\/www.youtube.com\/@rosetipolska1387"]}]}},"_links":{"self":[{"href":"https:\/\/bcatsea.com\/en\/wp-json\/wp\/v2\/pages\/10963","targetHints":{"allow":["GET"]}}],"collection":[{"href":"https:\/\/bcatsea.com\/en\/wp-json\/wp\/v2\/pages"}],"about":[{"href":"https:\/\/bcatsea.com\/en\/wp-json\/wp\/v2\/types\/page"}],"author":[{"embeddable":true,"href":"https:\/\/bcatsea.com\/en\/wp-json\/wp\/v2\/users\/1"}],"replies":[{"embeddable":true,"href":"https:\/\/bcatsea.com\/en\/wp-json\/wp\/v2\/comments?post=10963"}],"version-history":[{"count":2,"href":"https:\/\/bcatsea.com\/en\/wp-json\/wp\/v2\/pages\/10963\/revisions"}],"predecessor-version":[{"id":10977,"href":"https:\/\/bcatsea.com\/en\/wp-json\/wp\/v2\/pages\/10963\/revisions\/10977"}],"wp:attachment":[{"href":"https:\/\/bcatsea.com\/en\/wp-json\/wp\/v2\/media?parent=10963"}],"curies":[{"name":"wp","href":"https:\/\/api.w.org\/{rel}","templated":true}]}}